{"id":32419,"date":"2021-07-22T18:58:26","date_gmt":"2021-07-22T18:58:26","guid":{"rendered":"https:\/\/almanjar.com\/?page_id=32419"},"modified":"2024-04-27T19:21:27","modified_gmt":"2024-04-27T19:21:27","slug":"lingote-de-salmon","status":"publish","type":"page","link":"https:\/\/almanjar.com\/ru\/carta\/pescados\/lingote-de-salmon\/","title":{"rendered":"Lingote de salm\u00f3n"},"content":{"rendered":"<div data-elementor-type=\"wp-page\" data-elementor-id=\"32419\" class=\"elementor elementor-32419\" data-elementor-settings=\"[]\">\n\t\t\t<div class=\"elementor-inner\">\n\t\t\t\t<div class=\"elementor-section-wrap\">\n\t\t\t\t\t\t\t<section class=\"elementor-element elementor-element-18ca4d9 elementor-section-boxed elementor-section-height-default elementor-section-height-default elementor-section elementor-top-section\" data-id=\"18ca4d9\" data-element_type=\"section\">\n\t\t\t\t\t\t<div class=\"elementor-container elementor-column-gap-default\">\n\t\t\t\t<div class=\"elementor-row\">\n\t\t\t\t<div class=\"elementor-element elementor-element-415a513 elementor-column elementor-col-100 elementor-top-column\" data-id=\"415a513\" data-element_type=\"column\">\n\t\t\t<div class=\"elementor-column-wrap  elementor-element-populated\">\n\t\t\t\t\t<div class=\"elementor-widget-wrap\">\n\t\t\t\t<div class=\"elementor-element elementor-element-257d44f elementor-widget elementor-widget-html\" data-id=\"257d44f\" data-element_type=\"widget\" data-widget_type=\"html.default\">\n\t\t\t\t<div class=\"elementor-widget-container\">\n\t\t\t<div class=\"atras\">\r\n<a href=\"javascript:history.back()\"><img decoding=\"async\" src=\"https:\/\/almanjar.com\/wp-content\/uploads\/2020\/06\/anclaatras.png\"><\/img><\/a>\r\n<\/div>\t\t<\/div>\n\t\t\t\t<\/div>\n\t\t\t\t<div class=\"elementor-element elementor-element-e68a190 elementor-widget elementor-widget-gallery\" data-id=\"e68a190\" data-element_type=\"widget\" data-settings=\"{&quot;columns&quot;:1,&quot;gap&quot;:{&quot;unit&quot;:&quot;px&quot;,&quot;size&quot;:0,&quot;sizes&quot;:[]},&quot;lazyload&quot;:&quot;yes&quot;,&quot;gallery_layout&quot;:&quot;grid&quot;,&quot;columns_tablet&quot;:2,&quot;columns_mobile&quot;:1,&quot;gap_tablet&quot;:{&quot;unit&quot;:&quot;px&quot;,&quot;size&quot;:10,&quot;sizes&quot;:[]},&quot;gap_mobile&quot;:{&quot;unit&quot;:&quot;px&quot;,&quot;size&quot;:10,&quot;sizes&quot;:[]},&quot;link_to&quot;:&quot;file&quot;,&quot;aspect_ratio&quot;:&quot;3:2&quot;,&quot;overlay_background&quot;:&quot;yes&quot;,&quot;content_hover_animation&quot;:&quot;fade-in&quot;}\" data-widget_type=\"gallery.default\">\n\t\t\t\t<div class=\"elementor-widget-container\">\n\t\t\t\t\t<div class=\"elementor-gallery__container\">\n\t\t\t\t\t\t\t<a class=\"e-gallery-item elementor-gallery-item elementor-animated-content\" href=\"https:\/\/almanjar.com\/wp-content\/uploads\/2021\/07\/output-onlinepngtools-4.png\" data-elementor-open-lightbox=\"yes\" data-elementor-lightbox-slideshow=\"all-e68a190\">\n\t\t\t\t\t<div class=\"e-gallery-image elementor-gallery-item__image\" data-thumbnail=\"https:\/\/almanjar.com\/wp-content\/uploads\/2021\/07\/output-onlinepngtools-4.png\" data-width=\"304\" data-height=\"236\" alt=\"\" ><\/div>\n\t\t\t\t\t\t\t\t\t\t<div class=\"elementor-gallery-item__overlay\"><\/div>\n\t\t\t\t\t\t\t\t\t\t\t\t\t\t<\/a>\n\t\t\t\t\t<\/div>\n\t\t\t<\/div>\n\t\t\t\t<\/div>\n\t\t\t\t<div class=\"elementor-element elementor-element-b086bae elementor-widget elementor-widget-text-editor\" data-id=\"b086bae\" data-element_type=\"widget\" data-widget_type=\"text-editor.default\">\n\t\t\t\t<div class=\"elementor-widget-container\">\n\t\t\t\t\t<div class=\"elementor-text-editor elementor-clearfix\"><p><!-- wp:paragraph --><\/p>\n<div class=\"title\">\n<p><b>Lingote de salm\u00f3n<\/b><\/p>\n<\/div>\n<p><strong>Con pi\u00f1a y crema de c\u00edtricos<\/strong><\/p>\n<p><!-- \/wp:paragraph --><\/p>\n<div class=\"alergenos\">\n<table id=\"tabla\">\n<tbody>\n<tr>\n<th>\n<div class=\"uno\"><img decoding=\"async\" class=\"alignnone\" src=\"https:\/\/almanjar.com\/wp-content\/uploads\/2020\/06\/pescadotT.png\" \/><\/div>\n<\/th>\n<th>\n<div class=\"dos\"><img decoding=\"async\" class=\"alignnone\" src=\"https:\/\/almanjar.com\/wp-content\/uploads\/2020\/06\/huevost.png\" \/><\/div>\n<\/th>\n<th>\n<div class=\"tres\"><img decoding=\"async\" class=\"alignnone\" src=\"https:\/\/almanjar.com\/wp-content\/uploads\/2020\/06\/mostaza.png\" \/><\/div>\n<\/th>\n<th>\n<div class=\"tres\"><img decoding=\"async\" class=\"alignnone\" src=\"https:\/\/almanjar.com\/wp-content\/uploads\/2020\/06\/soja.png\" \/><\/div>\n<\/th>\n<\/tr>\n<\/tbody>\n<\/table>\n<\/div>\n<div class=\"content-wrapper\">\n<p><img decoding=\"async\" src=\"https:\/\/almanjar.com\/wp-content\/uploads\/2020\/06\/preciofinalmarron.png\" \/><\/p>\n<div class=\"text-wrapper\">\n<p><b>22.00 \u20ac<\/b><\/p>\n<\/div>\n<\/div><\/div>\n\t\t\t\t<\/div>\n\t\t\t\t<\/div>\n\t\t\t\t\t\t<\/div>\n\t\t\t<\/div>\n\t\t<\/div>\n\t\t\t\t\t\t<\/div>\n\t\t\t<\/div>\n\t\t<\/section>\n\t\t\t\t\t\t<\/div>\n\t\t\t<\/div>\n\t\t<\/div>","protected":false},"excerpt":{"rendered":"<p>Lingote de salm\u00f3n Con pi\u00f1a y crema de c\u00edtricos 22.00 \u20ac<\/p>","protected":false},"author":1,"featured_media":0,"parent":32380,"menu_order":0,"comment_status":"closed","ping_status":"closed","template":"","meta":{"footnotes":""},"_links":{"self":[{"href":"https:\/\/almanjar.com\/ru\/wp-json\/wp\/v2\/pages\/32419"}],"collection":[{"href":"https:\/\/almanjar.com\/ru\/wp-json\/wp\/v2\/pages"}],"about":[{"href":"https:\/\/almanjar.com\/ru\/wp-json\/wp\/v2\/types\/page"}],"author":[{"embeddable":true,"href":"https:\/\/almanjar.com\/ru\/wp-json\/wp\/v2\/users\/1"}],"replies":[{"embeddable":true,"href":"https:\/\/almanjar.com\/ru\/wp-json\/wp\/v2\/comments?post=32419"}],"version-history":[{"count":8,"href":"https:\/\/almanjar.com\/ru\/wp-json\/wp\/v2\/pages\/32419\/revisions"}],"predecessor-version":[{"id":32955,"href":"https:\/\/almanjar.com\/ru\/wp-json\/wp\/v2\/pages\/32419\/revisions\/32955"}],"up":[{"embeddable":true,"href":"https:\/\/almanjar.com\/ru\/wp-json\/wp\/v2\/pages\/32380"}],"wp:attachment":[{"href":"https:\/\/almanjar.com\/ru\/wp-json\/wp\/v2\/media?parent=32419"}],"curies":[{"name":"wp","href":"https:\/\/api.w.org\/{rel}","templated":true}]}}